{"id":2230,"date":"2020-09-23T08:12:08","date_gmt":"2020-09-23T07:12:08","guid":{"rendered":"https:\/\/netgar.com\/new_avis_legal\/"},"modified":"2024-01-31T12:07:26","modified_gmt":"2024-01-31T11:07:26","slug":"new_avis_legal","status":"publish","type":"page","link":"https:\/\/netgar.com\/es\/new_avis_legal\/","title":{"rendered":"new_avis_legal"},"content":{"rendered":"\t\t<div data-elementor-type=\"wp-page\" data-elementor-id=\"2230\" class=\"elementor elementor-2230 elementor-1509\">\n\t\t\t\t\t\t<section data-dce-background-color=\"#53296C\" class=\"elementor-section elementor-top-section elementor-element elementor-element-8ada5ea elementor-section-stretched elementor-section-full_width elementor-section-height-default elementor-section-height-default\" data-id=\"8ada5ea\" data-element_type=\"section\" data-settings=\"{&quot;stretch_section&quot;:&quot;section-stretched&quot;,&quot;background_background&quot;:&quot;classic&quot;}\">\n\t\t\t\t\t\t<div class=\"elementor-container elementor-column-gap-default\">\n\t\t\t\t\t<div class=\"elementor-column elementor-col-100 elementor-top-column elementor-element elementor-element-10799f4\" data-id=\"10799f4\" data-element_type=\"column\">\n\t\t\t<div class=\"elementor-widget-wrap elementor-element-populated\">\n\t\t\t\t\t\t<div class=\"elementor-element elementor-element-439579b elementor-widget elementor-widget-heading\" data-id=\"439579b\" data-element_type=\"widget\" data-widget_type=\"heading.default\">\n\t\t\t\t<div class=\"elementor-widget-container\">\n\t\t\t<h2 class=\"elementor-heading-title elementor-size-default\">Aviso Legal<\/h2>\t\t<\/div>\n\t\t\t\t<\/div>\n\t\t\t\t\t<\/div>\n\t\t<\/div>\n\t\t\t\t\t<\/div>\n\t\t<\/section>\n\t\t\t\t<section class=\"elementor-section elementor-top-section elementor-element elementor-element-b4a81f2 elementor-section-boxed elementor-section-height-default elementor-section-height-default\" data-id=\"b4a81f2\" data-element_type=\"section\">\n\t\t\t\t\t\t<div class=\"elementor-container elementor-column-gap-default\">\n\t\t\t\t\t<div class=\"elementor-column elementor-col-100 elementor-top-column elementor-element elementor-element-9136ba9\" data-id=\"9136ba9\" data-element_type=\"column\">\n\t\t\t<div class=\"elementor-widget-wrap elementor-element-populated\">\n\t\t\t\t\t\t<div class=\"elementor-element elementor-element-17d9e05 elementor-widget elementor-widget-text-editor\" data-id=\"17d9e05\" data-element_type=\"widget\" data-widget_type=\"text-editor.default\">\n\t\t\t\t<div class=\"elementor-widget-container\">\n\t\t\t\t\t\t\t<p><span style=\"color: #333333;\">Bienvenido a la p\u00e1gina web de <strong>NETEGES GARROTXA, S.L.<\/strong><\/span><\/p>\n<p><span style=\"color: #333333;\">A continuaci\u00f3n, explicamos las condiciones de uso del SITIO WEB. La navegaci\u00f3n por este sitio web le da el papel de usuario del mismo y por lo tanto acepta las cl\u00e1usulas detalladas en este documento.<\/span><\/p>\n<p style=\"letter-spacing: normal;\"><span style=\"color: #333333;\"><strong><span style=\"font-size: 16px;\">Identificaci\u00f3n<\/span><\/strong><\/span><\/p>\n<p style=\"letter-spacing: normal;\"><span style=\"color: #333333;\">De conformidad con lo dispuesto en el art\u00edculo 10 de la Ley 34\/2002, de 11 de julio, de servicios de la Sociedad de la Informaci\u00f3n y de Comercio Electr\u00f3nico, se informa de que <span style=\"font-size: 16px; font-weight: bold;\">https:\/\/netgar.com <\/span> es un dominio de la empresa <span style=\"font-size: 16px; font-weight: bold;\"> LIMPIEZA DE GARROTXA, S.L.<\/span> con domicilio social en Calle Terrassa, 31, 17800 Olot y por tel\u00e9fono 972 266 129 y netgar@netgar.com por correo electr\u00f3nico.<\/span><\/p>\n<p style=\"letter-spacing: normal;\"><span style=\"color: #333333;\">La empresa se llama<span style=\"font-size: 16px; font-weight: bold;\"> NETEGES GARROTXA, S.L.<\/span> con C\u00f3digo Tributario: B17648353 que est\u00e1 inscrita en el Registro Mercantil de Girona, Tomo 1598, folio 169 hoja no 1. GI-26640, inscripci\u00f3n 1a<\/span><\/p>\n<p style=\"letter-spacing: normal;\"><span style=\"font-size: 16px; font-weight: bold; color: #333333;\">REGLAS DE USO<\/span><\/p>\n<p style=\"letter-spacing: normal;\"><span style=\"color: #333333;\">El usuario se compromete a hacer un uso adecuado y l\u00edcito de este SITIO WEB, as\u00ed como de los contenidos y servicios, de conformidad con la legislaci\u00f3n aplicable en cada momento, la moral y las buenas costumbres generalmente aceptadas y el orden p\u00fablico.<\/span><\/p>\n<p style=\"letter-spacing: normal;\"><span style=\"color: #333333;\">Queda prohibido llevar a cabo, por tanto, cualquier acci\u00f3n que pueda causar alteraciones de los contenidos de este SITIO WEB o un mal funcionamiento del mismo, incluida la introducci\u00f3n de un virus o similar.<\/span><\/p>\n<p style=\"letter-spacing: normal;\"><span style=\"font-size: 16px; font-weight: bold; color: #333333;\">PROPIEDAD INTELECTUAL Intelectual<\/span><\/p>\n<p style=\"letter-spacing: normal;\"><span style=\"color: #333333;\">Las p\u00e1ginas de la WEB y la informaci\u00f3n o elementos contenidos, incluidos textos, documentos, fotograf\u00edas, dibujos, gr\u00e1ficos, bases de datos, v\u00eddeos y tambi\u00e9n logotipos, marcas, nombres comerciales u otros signos distintivos, est\u00e1n protegidos por los derechos de propiedad intelectual o industrial, de los cuales los derechos de propiedad intelectual o industrial, de los cuales <span style=\"font-size: 16px; font-weight: bold;\">LIMPIEZA DE GARROTXA, S.L.<\/span> o con licencias de lectura.<\/span><\/p>\n<p style=\"letter-spacing: normal;\"><span style=\"color: #333333;\">Queda prohibida cualquier tipo de explotaci\u00f3n, incluyendo cualquier tipo de reproducci\u00f3n, o distribuci\u00f3n, cesi\u00f3n a terceros, comunicaci\u00f3n p\u00fablica y transformaci\u00f3n, a trav\u00e9s de cualquier tipo de soporte y medios, sin autorizaci\u00f3n previa y expresa.<\/span><\/p>\n<p style=\"letter-spacing: normal;\"><span style=\"font-size: 16px; font-weight: bold; color: #333333;\">Responsabilidad<\/span><\/p>\n<p style=\"letter-spacing: normal;\"><span style=\"color: #333333;\">Nuestra intenci\u00f3n es ofrecer un sitio web que ofrezca un funcionamiento continuo y de calidad.<\/span><\/p>\n<p style=\"letter-spacing: normal;\"><span style=\"color: #333333;\">Sin embargo, le informamos que no podemos garantizar el acceso continuo, y que pueden encontrar interrupciones o paradas debido a factores o circunstancias fuera de nuestro control.<\/span><\/p>\n<p style=\"letter-spacing: normal;\"><span style=\"color: #333333;\"><span style=\"font-size: 16px; font-weight: bold;\">LIMPIEZA DE GARROTXA, S.L.<\/span> no se hace responsable de la informaci\u00f3n y otros contenidos integrados en espacios o p\u00e1ginas web de terceros accesibles a trav\u00e9s de enlaces, hiperv\u00ednculos o enlaces.<\/span><\/p>\n<p style=\"letter-spacing: normal;\"><span style=\"color: #333333;\"><span style=\"font-size: 16px; font-weight: bold;\">LIMPIEZA DE GARROTXA, S.L.<\/span> no se hace responsable de ning\u00fan da\u00f1o que pueda surgir, entre otros, de:<\/span><\/p>\n<ul style=\"font-size: 14px; color: #777777; font-family: Montserrat; letter-spacing: normal;\">\n<li style=\"font-size: 14px;\"><span style=\"color: #333333;\">Interferencias, interrupciones, quiebras, omisiones, aver\u00edas telef\u00f3nicas, retrasos, bloqueos o desconexiones en el funcionamiento del sistema electr\u00f3nico, causadas por deficiencias, sobrecargas y errores en las l\u00edneas y redes de telecomunicaciones<\/span><\/li>\n<\/ul>\n<ul style=\"font-size: 14px; color: #777777; font-family: Montserrat; letter-spacing: normal;\">\n<li style=\"font-size: 14px;\"><span style=\"color: #333333;\">Interferencia a trav\u00e9s del uso de programas maliciosos de cualquier tipo y a trav\u00e9s de cualquier medio de comunicaci\u00f3n.<\/span><\/li>\n<\/ul>\n<ul style=\"font-size: 14px; color: #777777; font-family: Montserrat; letter-spacing: normal;\">\n<li style=\"font-size: 14px;\"><span style=\"color: #333333;\">Abuso de este SITIO WEB.<\/span><\/li>\n<\/ul>\n<ul style=\"font-size: 14px; color: #777777; font-family: Montserrat; letter-spacing: normal;\">\n<li style=\"font-size: 14px;\"><span style=\"color: #333333;\">Errores causados por un mal funcionamiento del navegador o el uso de versiones obsoletas del otro.<\/span><\/li>\n<\/ul>\n<p style=\"letter-spacing: normal;\"><span style=\"color: #333333;\">En caso de da\u00f1os y perjuicios causados por el uso il\u00edcito o inapropiado de este SITIO WEB, el usuario podr\u00e1 ser demandado por da\u00f1os y perjuicios.<\/span><\/p>\n<p style=\"letter-spacing: normal;\"><span style=\"color: #333333;\">Adem\u00e1s, el usuario ser\u00e1 responsable de los da\u00f1os, que se derivan del uso de \u00abrobots\u00bb, \u00abSpiders\u00bb, ,&#8230; o herramientas similares utilizadas para recopilar o extraer datos o cualquier otra acci\u00f3n por su parte que impongan una carga para reducir el funcionamiento de la WEB.<\/span><\/p>\n<p style=\"letter-spacing: normal;\"><span style=\"color: #333333;\"><u style=\"font-size: 16px;\">Legislaci\u00f3n<\/u><\/span><\/p>\n<p style=\"letter-spacing: normal;\"><span style=\"color: #333333;\">Cualquier controversia que surja de o en relaci\u00f3n con el uso del sitio web estar\u00e1 sujeta a la jurisdicci\u00f3n no exclusiva de los tribunales o tribunales espa\u00f1oles<\/span><\/p>\n\t\t\t\t\t\t<\/div>\n\t\t\t\t<\/div>\n\t\t\t\t\t<\/div>\n\t\t<\/div>\n\t\t\t\t\t<\/div>\n\t\t<\/section>\n\t\t\t\t<\/div>\n\t\t","protected":false},"excerpt":{"rendered":"<p>Aviso Legal Bienvenido a la p\u00e1gina web de NETEGES GARROTXA, S.L. A continuaci\u00f3n, explicamos las condiciones de uso del SITIO WEB. La navegaci\u00f3n por este sitio web le da el papel de usuario del mismo y por lo tanto acepta las cl\u00e1usulas detalladas en este documento. Identificaci\u00f3n De conformidad con lo dispuesto en el art\u00edculo &#8230; <a title=\"new_avis_legal\" class=\"read-more\" href=\"https:\/\/netgar.com\/es\/new_avis_legal\/\" aria-label=\"M\u00e1s en new_avis_legal\">Leer m\u00e1s<\/a><\/p>\n","protected":false},"author":4,"featured_media":0,"parent":0,"menu_order":0,"comment_status":"closed","ping_status":"closed","template":"elementor_header_footer","meta":{"_acf_changed":false,"footnotes":""},"acf":[],"yoast_head":"<!-- This site is optimized with the Yoast SEO Premium plugin v20.9 (Yoast SEO v22.2) - https:\/\/yoast.com\/wordpress\/plugins\/seo\/ -->\n<title>new_avis_legal - Netgar<\/title>\n<meta name=\"robots\" content=\"noindex, nofollow\" \/>\n<meta property=\"og:locale\" content=\"es_ES\" \/>\n<meta property=\"og:type\" content=\"article\" \/>\n<meta property=\"og:title\" content=\"new_avis_legal\" \/>\n<meta property=\"og:description\" content=\"Aviso Legal Bienvenido a la p\u00e1gina web de NETEGES GARROTXA, S.L. A continuaci\u00f3n, explicamos las condiciones de uso del SITIO WEB. La navegaci\u00f3n por este sitio web le da el papel de usuario del mismo y por lo tanto acepta las cl\u00e1usulas detalladas en este documento. Identificaci\u00f3n De conformidad con lo dispuesto en el art\u00edculo ... Leer m\u00e1s\" \/>\n<meta property=\"og:url\" content=\"https:\/\/netgar.com\/es\/new_avis_legal\/\" \/>\n<meta property=\"og:site_name\" content=\"Netgar\" \/>\n<meta property=\"article:modified_time\" content=\"2024-01-31T11:07:26+00:00\" \/>\n<meta name=\"twitter:card\" content=\"summary_large_image\" \/>\n<meta name=\"twitter:label1\" content=\"Tiempo de lectura\" \/>\n\t<meta name=\"twitter:data1\" content=\"3 minutos\" \/>\n<script type=\"application\/ld+json\" class=\"yoast-schema-graph\">{\"@context\":\"https:\/\/schema.org\",\"@graph\":[{\"@type\":\"WebPage\",\"@id\":\"https:\/\/netgar.com\/es\/new_avis_legal\/\",\"url\":\"https:\/\/netgar.com\/es\/new_avis_legal\/\",\"name\":\"new_avis_legal - Netgar\",\"isPartOf\":{\"@id\":\"https:\/\/netgar.com\/es\/#website\"},\"datePublished\":\"2020-09-23T07:12:08+00:00\",\"dateModified\":\"2024-01-31T11:07:26+00:00\",\"breadcrumb\":{\"@id\":\"https:\/\/netgar.com\/es\/new_avis_legal\/#breadcrumb\"},\"inLanguage\":\"es\",\"potentialAction\":[{\"@type\":\"ReadAction\",\"target\":[\"https:\/\/netgar.com\/es\/new_avis_legal\/\"]}]},{\"@type\":\"BreadcrumbList\",\"@id\":\"https:\/\/netgar.com\/es\/new_avis_legal\/#breadcrumb\",\"itemListElement\":[{\"@type\":\"ListItem\",\"position\":1,\"name\":\"Inici\",\"item\":\"https:\/\/netgar.com\/es\/\"},{\"@type\":\"ListItem\",\"position\":2,\"name\":\"new_avis_legal\"}]},{\"@type\":\"WebSite\",\"@id\":\"https:\/\/netgar.com\/es\/#website\",\"url\":\"https:\/\/netgar.com\/es\/\",\"name\":\"Netgar\",\"description\":\"Servei de neteja professional\",\"publisher\":{\"@id\":\"https:\/\/netgar.com\/es\/#organization\"},\"potentialAction\":[{\"@type\":\"SearchAction\",\"target\":{\"@type\":\"EntryPoint\",\"urlTemplate\":\"https:\/\/netgar.com\/es\/?s={search_term_string}\"},\"query-input\":\"required name=search_term_string\"}],\"inLanguage\":\"es\"},{\"@type\":\"Organization\",\"@id\":\"https:\/\/netgar.com\/es\/#organization\",\"name\":\"netgar\",\"url\":\"https:\/\/netgar.com\/es\/\",\"logo\":{\"@type\":\"ImageObject\",\"inLanguage\":\"es\",\"@id\":\"https:\/\/netgar.com\/es\/#\/schema\/logo\/image\/\",\"url\":\"https:\/\/netgar.com\/wp-content\/uploads\/2017\/05\/logo-netgar.png\",\"contentUrl\":\"https:\/\/netgar.com\/wp-content\/uploads\/2017\/05\/logo-netgar.png\",\"width\":455,\"height\":220,\"caption\":\"netgar\"},\"image\":{\"@id\":\"https:\/\/netgar.com\/es\/#\/schema\/logo\/image\/\"}}]}<\/script>\n<!-- \/ Yoast SEO Premium plugin. -->","yoast_head_json":{"title":"new_avis_legal - Netgar","robots":{"index":"noindex","follow":"nofollow"},"og_locale":"es_ES","og_type":"article","og_title":"new_avis_legal","og_description":"Aviso Legal Bienvenido a la p\u00e1gina web de NETEGES GARROTXA, S.L. A continuaci\u00f3n, explicamos las condiciones de uso del SITIO WEB. La navegaci\u00f3n por este sitio web le da el papel de usuario del mismo y por lo tanto acepta las cl\u00e1usulas detalladas en este documento. Identificaci\u00f3n De conformidad con lo dispuesto en el art\u00edculo ... Leer m\u00e1s","og_url":"https:\/\/netgar.com\/es\/new_avis_legal\/","og_site_name":"Netgar","article_modified_time":"2024-01-31T11:07:26+00:00","twitter_card":"summary_large_image","twitter_misc":{"Tiempo de lectura":"3 minutos"},"schema":{"@context":"https:\/\/schema.org","@graph":[{"@type":"WebPage","@id":"https:\/\/netgar.com\/es\/new_avis_legal\/","url":"https:\/\/netgar.com\/es\/new_avis_legal\/","name":"new_avis_legal - Netgar","isPartOf":{"@id":"https:\/\/netgar.com\/es\/#website"},"datePublished":"2020-09-23T07:12:08+00:00","dateModified":"2024-01-31T11:07:26+00:00","breadcrumb":{"@id":"https:\/\/netgar.com\/es\/new_avis_legal\/#breadcrumb"},"inLanguage":"es","potentialAction":[{"@type":"ReadAction","target":["https:\/\/netgar.com\/es\/new_avis_legal\/"]}]},{"@type":"BreadcrumbList","@id":"https:\/\/netgar.com\/es\/new_avis_legal\/#breadcrumb","itemListElement":[{"@type":"ListItem","position":1,"name":"Inici","item":"https:\/\/netgar.com\/es\/"},{"@type":"ListItem","position":2,"name":"new_avis_legal"}]},{"@type":"WebSite","@id":"https:\/\/netgar.com\/es\/#website","url":"https:\/\/netgar.com\/es\/","name":"Netgar","description":"Servei de neteja professional","publisher":{"@id":"https:\/\/netgar.com\/es\/#organization"},"potentialAction":[{"@type":"SearchAction","target":{"@type":"EntryPoint","urlTemplate":"https:\/\/netgar.com\/es\/?s={search_term_string}"},"query-input":"required name=search_term_string"}],"inLanguage":"es"},{"@type":"Organization","@id":"https:\/\/netgar.com\/es\/#organization","name":"netgar","url":"https:\/\/netgar.com\/es\/","logo":{"@type":"ImageObject","inLanguage":"es","@id":"https:\/\/netgar.com\/es\/#\/schema\/logo\/image\/","url":"https:\/\/netgar.com\/wp-content\/uploads\/2017\/05\/logo-netgar.png","contentUrl":"https:\/\/netgar.com\/wp-content\/uploads\/2017\/05\/logo-netgar.png","width":455,"height":220,"caption":"netgar"},"image":{"@id":"https:\/\/netgar.com\/es\/#\/schema\/logo\/image\/"}}]}},"_links":{"self":[{"href":"https:\/\/netgar.com\/es\/wp-json\/wp\/v2\/pages\/2230"}],"collection":[{"href":"https:\/\/netgar.com\/es\/wp-json\/wp\/v2\/pages"}],"about":[{"href":"https:\/\/netgar.com\/es\/wp-json\/wp\/v2\/types\/page"}],"author":[{"embeddable":true,"href":"https:\/\/netgar.com\/es\/wp-json\/wp\/v2\/users\/4"}],"replies":[{"embeddable":true,"href":"https:\/\/netgar.com\/es\/wp-json\/wp\/v2\/comments?post=2230"}],"version-history":[{"count":8,"href":"https:\/\/netgar.com\/es\/wp-json\/wp\/v2\/pages\/2230\/revisions"}],"predecessor-version":[{"id":3649,"href":"https:\/\/netgar.com\/es\/wp-json\/wp\/v2\/pages\/2230\/revisions\/3649"}],"wp:attachment":[{"href":"https:\/\/netgar.com\/es\/wp-json\/wp\/v2\/media?parent=2230"}],"curies":[{"name":"wp","href":"https:\/\/api.w.org\/{rel}","templated":true}]}}